{"id":1818,"date":"2015-08-30T16:44:41","date_gmt":"2015-08-30T14:44:41","guid":{"rendered":"http:\/\/www.gerhart-hauptmann-grundschule.de\/neu\/?page_id=1818"},"modified":"2026-01-08T09:58:13","modified_gmt":"2026-01-08T07:58:13","slug":"klasse-2c","status":"publish","type":"page","link":"https:\/\/www.gerhart-hauptmann-grundschule.de\/neu\/?page_id=1818","title":{"rendered":"Klasse 3c (Waldkautz)"},"content":{"rendered":"<h2 style=\"text-align: center;\"><\/h2>\n<h2><\/h2>\n<h2 style=\"text-align: center;\"><span style=\"color: #3366ff;\"><strong>Herzlich willkommen auf der Seite der 3c (Waldkautz).<\/strong><\/span><\/h2>\n<p style=\"text-align: center;\"><span style=\"font-size: 14pt;\">Unsere Klasse besteht aus 23 Kindern.<\/span><\/p>\n<p style=\"text-align: center;\"><span style=\"font-size: 14pt;\">Unsere Klassenlehrerin hei\u00dft <em><strong>Frau Strautz<\/strong><\/em>.<\/span><\/p>\n<p style=\"text-align: center;\"><span style=\"font-size: 14pt;\">Unsere Klassenassistentin hei\u00dft Frau Brzezina.<\/span><\/p>\n<p>&nbsp;<\/p>\n<p style=\"text-align: center;\"><span style=\"font-size: 14pt;\">Auf unser Padlet gelangen Sie \u00fcber folgenden Link (nur mit Passwort zug\u00e4nglich):<\/span><\/p>\n<p style=\"text-align: center;\"><span style=\"font-size: 14pt;\"><a href=\"https:\/\/padlet.com\/fraupotthoff2\/4w4y3yjhcfr70tqy\">https:\/\/padlet.com\/fraupotthoff2\/4w4y3yjhcfr70tqy\u00a0<\/a><\/span><\/p>\n<h3 style=\"text-align: center;\"><span style=\"color: #3366ff;\">\u00a0<\/span><\/h3>\n<p>&nbsp;<\/p>\n","protected":false},"excerpt":{"rendered":"<p>Herzlich willkommen auf der Seite der 3c (Waldkautz). Unsere Klasse besteht aus 23 Kindern. Unsere Klassenlehrerin hei\u00dft Frau Strautz. Unsere Klassenassistentin hei\u00dft Frau Brzezina. &nbsp; Auf unser Padlet gelangen Sie \u00fcber folgenden Link (nur mit Passwort zug\u00e4nglich): https:\/\/padlet.com\/fraupotthoff2\/4w4y3yjhcfr70tqy\u00a0 \u00a0 &nbsp;<\/p>\n <a href='https:\/\/www.gerhart-hauptmann-grundschule.de\/neu\/?page_id=1818' class='excerpt-more-append'>[...]<\/a>","protected":false},"author":48,"featured_media":0,"parent":0,"menu_order":0,"comment_status":"closed","ping_status":"closed","template":"","meta":{"ngg_post_thumbnail":0,"footnotes":""},"class_list":["post-1818","page","type-page","status-publish","hentry","post-seq-1","post-parity-odd","meta-position-corners","fix"],"_links":{"self":[{"href":"https:\/\/www.gerhart-hauptmann-grundschule.de\/neu\/index.php?rest_route=\/wp\/v2\/pages\/1818","targetHints":{"allow":["GET"]}}],"collection":[{"href":"https:\/\/www.gerhart-hauptmann-grundschule.de\/neu\/index.php?rest_route=\/wp\/v2\/pages"}],"about":[{"href":"https:\/\/www.gerhart-hauptmann-grundschule.de\/neu\/index.php?rest_route=\/wp\/v2\/types\/page"}],"author":[{"embeddable":true,"href":"https:\/\/www.gerhart-hauptmann-grundschule.de\/neu\/index.php?rest_route=\/wp\/v2\/users\/48"}],"replies":[{"embeddable":true,"href":"https:\/\/www.gerhart-hauptmann-grundschule.de\/neu\/index.php?rest_route=%2Fwp%2Fv2%2Fcomments&post=1818"}],"version-history":[{"count":83,"href":"https:\/\/www.gerhart-hauptmann-grundschule.de\/neu\/index.php?rest_route=\/wp\/v2\/pages\/1818\/revisions"}],"predecessor-version":[{"id":3023,"href":"https:\/\/www.gerhart-hauptmann-grundschule.de\/neu\/index.php?rest_route=\/wp\/v2\/pages\/1818\/revisions\/3023"}],"wp:attachment":[{"href":"https:\/\/www.gerhart-hauptmann-grundschule.de\/neu\/index.php?rest_route=%2Fwp%2Fv2%2Fmedia&parent=1818"}],"curies":[{"name":"wp","href":"https:\/\/api.w.org\/{rel}","templated":true}]}}