{"id":41,"date":"2015-08-30T21:10:56","date_gmt":"2015-08-30T19:10:56","guid":{"rendered":"http:\/\/www.gerhart-hauptmann-grundschule.de\/neu\/?page_id=41"},"modified":"2026-01-08T10:04:22","modified_gmt":"2026-01-08T08:04:22","slug":"klasse-3a","status":"publish","type":"page","link":"https:\/\/www.gerhart-hauptmann-grundschule.de\/neu\/?page_id=41","title":{"rendered":"Klasse 4a (Eisb\u00e4r)"},"content":{"rendered":"<h2 style=\"text-align: center;\">\u00a0<a href=\"http:\/\/padlet.com\/andreakadzi\/kg19ipiymyn80se1\">Klicke f\u00fcr das Padlet der Eisb\u00e4ren<\/a><\/h2>\n<h2 style=\"text-align: center;\"><\/h2>\n<h2><\/h2>\n<h2 style=\"text-align: center;\"><span style=\"color: #3366ff;\"><strong>Herzlich willkommen auf der Seite der 4a.<\/strong><\/span><\/h2>\n<p style=\"text-align: center;\"><span style=\"font-size: 14pt;\">Unsere Klasse besteht aus 26 Kindern.<\/span><\/p>\n<p style=\"text-align: center;\"><span style=\"font-size: 14pt;\">Unsere Klassenlehrerin hei\u00dft Frau Goldau.<\/span><\/p>\n<p>&nbsp;<\/p>\n<p style=\"text-align: center;\">\n","protected":false},"excerpt":{"rendered":"<p>\u00a0Klicke f\u00fcr das Padlet der Eisb\u00e4ren Herzlich willkommen auf der Seite der 4a. Unsere Klasse besteht aus 26 Kindern. Unsere Klassenlehrerin hei\u00dft Frau Goldau. &nbsp;<\/p>\n <a href='https:\/\/www.gerhart-hauptmann-grundschule.de\/neu\/?page_id=41' class='excerpt-more-append'>[...]<\/a>","protected":false},"author":22,"featured_media":0,"parent":0,"menu_order":7,"comment_status":"closed","ping_status":"closed","template":"","meta":{"ngg_post_thumbnail":0,"footnotes":""},"class_list":["post-41","page","type-page","status-publish","hentry","category-1-id","post-seq-1","post-parity-odd","meta-position-corners","fix"],"_links":{"self":[{"href":"https:\/\/www.gerhart-hauptmann-grundschule.de\/neu\/index.php?rest_route=\/wp\/v2\/pages\/41","targetHints":{"allow":["GET"]}}],"collection":[{"href":"https:\/\/www.gerhart-hauptmann-grundschule.de\/neu\/index.php?rest_route=\/wp\/v2\/pages"}],"about":[{"href":"https:\/\/www.gerhart-hauptmann-grundschule.de\/neu\/index.php?rest_route=\/wp\/v2\/types\/page"}],"author":[{"embeddable":true,"href":"https:\/\/www.gerhart-hauptmann-grundschule.de\/neu\/index.php?rest_route=\/wp\/v2\/users\/22"}],"replies":[{"embeddable":true,"href":"https:\/\/www.gerhart-hauptmann-grundschule.de\/neu\/index.php?rest_route=%2Fwp%2Fv2%2Fcomments&post=41"}],"version-history":[{"count":97,"href":"https:\/\/www.gerhart-hauptmann-grundschule.de\/neu\/index.php?rest_route=\/wp\/v2\/pages\/41\/revisions"}],"predecessor-version":[{"id":3035,"href":"https:\/\/www.gerhart-hauptmann-grundschule.de\/neu\/index.php?rest_route=\/wp\/v2\/pages\/41\/revisions\/3035"}],"wp:attachment":[{"href":"https:\/\/www.gerhart-hauptmann-grundschule.de\/neu\/index.php?rest_route=%2Fwp%2Fv2%2Fmedia&parent=41"}],"curies":[{"name":"wp","href":"https:\/\/api.w.org\/{rel}","templated":true}]}}