{"id":1615,"date":"2019-01-30T20:32:17","date_gmt":"2019-01-30T18:32:17","guid":{"rendered":"http:\/\/gerhart-hauptmann-grundschule.de\/verwaltung\/?page_id=1615"},"modified":"2026-02-12T14:14:03","modified_gmt":"2026-02-12T13:14:03","slug":"impressum","status":"publish","type":"page","link":"https:\/\/www.gerhart-hauptmann-grundschule.de\/verwaltung\/?page_id=1615","title":{"rendered":"Impressum"},"content":{"rendered":"<p><strong>Gerhart-Hauptmann-Schule, Bergkamen<\/strong><\/p>\n<p><strong>&nbsp;<\/strong><\/p>\n<p><strong>Schulleitung:<\/strong><\/p>\n<p>Martina Hoppe, Schulleiterin<\/p>\n<p>Am Friedrichsberg 33<\/p>\n<p>59192 Bergkamen<\/p>\n<p>Telefon: 02307-98260-0<\/p>\n<p>E-Mail: ghauptmann.gs@helimail.de<\/p>\n<p>&nbsp;<\/p>\n<p>Die Gerhart-Hauptmann-Schule wird bez\u00fcglich der Inhalte dieser Website durch die Schulleitung gesetzlich vertreten.<\/p>\n<p>&nbsp;<\/p>\n<p><strong>Schultr\u00e4ger (Diensteanbieter im Sinne des DDG)<\/strong><br \/>\nSchulamt f\u00fcr den Kreis Unna<br \/>\nStaatliche Untere Schulaufsichtsbeh\u00f6rde<br \/>\nPlatanenallee 16<br \/>\n59425 Unna<br \/>\nFon 02303 27-1440<br \/>\nFax 02303 27-1996<br \/>\nE-Mail 600978.dienst@schule.nrw.de<\/p>\n<p>&nbsp;<\/p>\n<p><strong>Verantwortlich f\u00fcr die journalistisch-redaktionellen Inhalte:<\/strong><\/p>\n<p>Moritz Kirschbaum<\/p>\n<p>Gerhart-Hauptmann-Schule<\/p>\n<p>Am Friedrichsberg 33<\/p>\n<p>59192 Bergkamen<\/p>\n<p>Schulverwaltung<\/p>\n<p>Telefon: 02307-98260-0<\/p>\n<p>E-Mail: ghauptmann.gs@helimail.de<\/p>\n<p>&nbsp;<\/p>\n<p><u>Rechtliche Hinweise:<\/u><\/p>\n<p>Das Layout der Homepage, die verwendeten Grafiken sowie Beitr\u00e4ge und Bilder sind urheberrechtlich gesch\u00fctzt. Jede Verwertung au\u00dferhalb der Grenzen des Urheberrechtsgesetzes ist ohne Genehmigung unzul\u00e4ssig.<\/p>\n<ul>\n<li><strong>Urheberrecht<\/strong><br \/>\nTexte, Bilder, Grafiken und Fotos sowie die Gestaltung dieser Internetseiten unterliegen dem Urheberrecht. Sie du\u0308rfen von Ihnen nur zum privaten und sonstigen eigenen Gebrauch im Rahmen des \u00a7 53 Urheberrechtsgesetz (UrhG) ohne jede A\u0308nderung vervielfa\u0308ltigt werden. Eine Verbreitung von Kopien (analog oder digital) oder Auszu\u0308gen ist nur mit schriftlicher Genehmigung zula\u0308ssig. Der Nachdruck und die Auswertung von Pressemitteilungen und Reden sind mit Quellenangabe gestattet. Texte, Bilder, Grafiken und sonstige Materialien ko\u0308nnen ganz oder teilweise dem Urheberrecht Dritter unterliegen. Die Inhalte Dritter sind als solche kenntlich gemacht und du\u0308rfen ohne Einwilligung des Rechteinhabers nicht vervielfa\u0308ltigt, o\u0308ffentlich zuga\u0308nglich gemacht oder o\u0308ffentlich wiedergegeben werden.<\/li>\n<li><strong>Haftung fu\u0308r Inhalte<\/strong><br \/>\nDie Informationen, die Sie auf diesem Internetauftritt vorfinden, wurden nach bestem Wissen und Gewissen sorgfa\u0308ltig zusammengestellt und gepru\u0308ft. Fu\u0308r die Richtigkeit, Vollsta\u0308ndigkeit, Aktualita\u0308t oder Qualita\u0308t und jederzeitige Verfu\u0308gbarkeit der bereit gestellten Informationen wird jedoch keine Gewa\u0308hr u\u0308bernommen. Diensteanbieter sind gema\u0308\u00df \u00a7 7 DDG6 fu\u0308r eigene Inhalte auf diesen Seiten nach den allgemeinen Gesetzen verantwortlich. Diensteanbieter sind jedoch nicht verpflichtet, u\u0308bermittelte oder gespeicherte fremde Informationen zu u\u0308berwachen oder nach Umsta\u0308nden zu forschen, die auf eine rechtswidrige Ta\u0308tigkeit hinweisen. Verpflichtungen zur Entfernung oder Sperrung der Nutzung von Informationen nach den allgemeinen Gesetzen bleiben hiervon unberu\u0308hrt.<\/p>\n<p>Dieser Internetauftritt entha\u0308lt auch Links oder Verweise auf Internetauftritte Dritter. Diese Links zu den Internetauftritten Dritter stellen keine Zustimmung zu deren Inhalten durch den Herausgeber dar. Fu\u0308r die Inhalte der externen Links sind die jeweiligen Anbieter oder Betreiber (Urheber) der Seiten verantwortlich. Mit den Links zu anderen Internetauftritten wird den Nutzern lediglich der Zugang zur Nutzung der Inhalte vermittelt. Die externen Links wurden zum Zeitpunkt der Linksetzung nach bestem Wissen und Gewissen auf eventuelle Rechtsversto\u0308\u00dfe u\u0308berpru\u0308ft. Eine sta\u0308ndige inhaltliche U\u0308berpru\u0308fung der externen Links ist ohne konkrete Anhaltspunkte einer Rechtsverletzung nicht mo\u0308glich. Bei Verlinkungen auf die Webseiten Dritter, die au\u00dferhalb des Verantwortungsbereichs des Herausgebers liegen, wu\u0308rde eine Haftungsverpflichtung nur bestehen, wenn der Herausgeber von den rechtswidrigen Inhalten Kenntnis erlangen und es technisch mo\u0308glich und zumutbar wa\u0308re, die Nutzung dieser Inhalte zu verhindern. Sollten Sie der Ansicht sein, dass die verlinkten externen Seiten gegen geltendes Recht versto\u00dfen oder sonst unangemessene Inhalte haben, so teilen Sie uns dies bitte mit.<\/li>\n<li><strong style=\"color: initial;\">Haftungsausschluss<\/strong><strong style=\"color: initial;\"><br \/>\n<\/strong><span style=\"color: initial;\">Die Informationen, die Sie auf diesem Internetauftritt vorfinden, wurden nach bestem Wissen und Gewissen sorgf\u00e4ltig zusammengestellt und gepr\u00fcft. Es wird jedoch keine Gew\u00e4hr &#8211; weder ausdr\u00fccklich noch stillschweigend &#8211; f\u00fcr die Vollst\u00e4ndigkeit, Richtigkeit, Aktualit\u00e4t oder Qualit\u00e4t und jederzeitige Verf\u00fcgbarkeit der bereit gestellten Informationen \u00fcbernommen. In keinem Fall wird f\u00fcr Sch\u00e4den, die sich aus der Verwendung der abgerufenen Informationen ergeben, eine Haftung \u00fcbernommen.<\/span><\/li>\n<li><strong>Internetseiten dritter Anbieter \/ Links<\/strong><br \/>\nDiese Internetseite enth\u00e4lt auch Links oder Verweise auf Internetauftritte Dritter. Diese Links zu den Internetauftritten Dritter stellen keine Zustimmung zu deren Inhalten durch den Herausgeber dar. Es wird keine Verantwortung f\u00fcr die Verf\u00fcgbarkeit oder den Inhalt solcher Internetauftritte \u00fcbernommen und keine Haftung f\u00fcr Sch\u00e4den oder Verletzungen, die aus der Nutzung &#8211; gleich welcher Art &#8211; solcher Inhalte entstehen. Mit den Links zu anderen Internetauftritten wird den Nutzern lediglich der Zugang zur Nutzung der Inhalte vermittelt. F\u00fcr illegale, fehlerhafte oder unvollst\u00e4ndige Inhalte und f\u00fcr Sch\u00e4den, die aus der Nutzung entstehen, haftet allein der Anbieter der Seite, auf welche verwiesen wurde.<\/li>\n<\/ul>\n","protected":false},"excerpt":{"rendered":"<p>Gerhart-Hauptmann-Schule, Bergkamen &nbsp; Schulleitung: Martina Hoppe, Schulleiterin Am Friedrichsberg 33 59192 Bergkamen Telefon: 02307-98260-0 E-Mail: ghauptmann.gs@helimail.de &nbsp; Die Gerhart-Hauptmann-Schule wird bez\u00fcglich der Inhalte dieser Website durch die Schulleitung gesetzlich vertreten. &nbsp; Schultr\u00e4ger (Diensteanbieter im Sinne des DDG) Schulamt f\u00fcr den Kreis Unna Staatliche Untere Schulaufsichtsbeh\u00f6rde Platanenallee 16 59425 Unna Fon 02303 27-1440 Fax 02303 27-1996 <a href='https:\/\/www.gerhart-hauptmann-grundschule.de\/verwaltung\/?page_id=1615' class='excerpt-more'>[&#8230;]<\/a><\/p>\n","protected":false},"author":6,"featured_media":0,"parent":0,"menu_order":0,"comment_status":"closed","ping_status":"closed","template":"","meta":{"ngg_post_thumbnail":0,"footnotes":""},"class_list":["post-1615","page","type-page","status-publish","hentry","post-seq-1","post-parity-odd","meta-position-corners","fix"],"_links":{"self":[{"href":"https:\/\/www.gerhart-hauptmann-grundschule.de\/verwaltung\/index.php?rest_route=\/wp\/v2\/pages\/1615","targetHints":{"allow":["GET"]}}],"collection":[{"href":"https:\/\/www.gerhart-hauptmann-grundschule.de\/verwaltung\/index.php?rest_route=\/wp\/v2\/pages"}],"about":[{"href":"https:\/\/www.gerhart-hauptmann-grundschule.de\/verwaltung\/index.php?rest_route=\/wp\/v2\/types\/page"}],"author":[{"embeddable":true,"href":"https:\/\/www.gerhart-hauptmann-grundschule.de\/verwaltung\/index.php?rest_route=\/wp\/v2\/users\/6"}],"replies":[{"embeddable":true,"href":"https:\/\/www.gerhart-hauptmann-grundschule.de\/verwaltung\/index.php?rest_route=%2Fwp%2Fv2%2Fcomments&post=1615"}],"version-history":[{"count":10,"href":"https:\/\/www.gerhart-hauptmann-grundschule.de\/verwaltung\/index.php?rest_route=\/wp\/v2\/pages\/1615\/revisions"}],"predecessor-version":[{"id":3231,"href":"https:\/\/www.gerhart-hauptmann-grundschule.de\/verwaltung\/index.php?rest_route=\/wp\/v2\/pages\/1615\/revisions\/3231"}],"wp:attachment":[{"href":"https:\/\/www.gerhart-hauptmann-grundschule.de\/verwaltung\/index.php?rest_route=%2Fwp%2Fv2%2Fmedia&parent=1615"}],"curies":[{"name":"wp","href":"https:\/\/api.w.org\/{rel}","templated":true}]}}