{"id":1741,"date":"2019-03-05T23:17:30","date_gmt":"2019-03-05T21:17:30","guid":{"rendered":"http:\/\/gerhart-hauptmann-grundschule.de\/verwaltung\/?page_id=1741"},"modified":"2024-09-18T10:04:32","modified_gmt":"2024-09-18T08:04:32","slug":"ogs","status":"publish","type":"page","link":"https:\/\/www.gerhart-hauptmann-grundschule.de\/verwaltung\/?page_id=1741","title":{"rendered":"OGS"},"content":{"rendered":"<h2><span style=\"color: #008080;\"><strong>Die Offene Ganztagsschule (OGS)<\/strong><\/span><\/h2>\n<p>Mit der Einf\u00fchrung der OGS im Sommer 2006 wurde das bereits bestehende Betreuungsangebot, \u201eSchule von acht bis eins\u201c, heute \u201eVerl\u00e4ssliche Grundschule\u201c, um ein qualitativ weiterf\u00fchrendes Angebot erg\u00e4nzt. Aktuell besuchen ca. 140 Kinder der 1. \u2013 4. Klasse die OGS und die verl\u00e4ssliche Schule.<\/p>\n<p>Tr\u00e4ger der Offenen Ganztagsgrundschule ist die Bildung und Lernen GmbH der Arbeiterwohlfahrt Unterbezirk Unna.<\/p>\n<p>Die OGS befindet sich auf zwei Etagen im Neubau der Schule .<br \/>\nAuf der oberen Etage befinden sich die Gruppenr\u00e4ume der Jahrg\u00e4nge 1 und 2 sowie ein Speisesaal, eine K\u00fcche, ein WC und das B\u00fcro der Leitung. Im Erdgeschoss befinden sich die Gruppenr\u00e4ume der Jahrg\u00e4nge 3 und 4. Jeder Jahrgang hat seinen eigenen Gruppenraum, welcher vollst\u00e4ndig ausgestattet ist und mehrere Wohlf\u00fchlbereiche bietet.<\/p>\n<p>Dar\u00fcber hinaus hat jeder Jahrgang einen festen Hausaufgabenraum, in dem die Kinder unter Aufsicht und mit Unterst\u00fctzung ihre Aufgaben erledigen k\u00f6nnen. Die Hausaufgaben-Zeit ist individuell an die Jahrg\u00e4nge angepasst.<\/p>\n<p>Das Mittagessen wird f\u00fcr alle Kinder um 13.45 Uhr in der Mensa der Gesamtschule eingenommen. Wir beginnen unser Essen mit einem Ritual (Lied oder Fingerspiel), so dass die Kinder zur Ruhe kommen. Nach einem gemeinsam gesprochenen Tischvers essen wir nicht nur gemeinsam, sondern tauschen uns aus. Teilen, R\u00fccksicht nehmen, jeden zu Wort kommen lassen und Regeln einhalten erm\u00f6glicht das Essen in einer entspannten, ruhigen Atmosph\u00e4re.<\/p>\n<p>Die Fachr\u00e4ume der Schule, z.B. PC-Raum, Musikraum, Bewegungsraum, Mehrzweckraum und die Sporthalle k\u00f6nnen von der OGS genutzt werden.<\/p>\n<p>Au\u00dferhalb des Geb\u00e4udes nutzen wir den Schulhof als Spiel- und Bewegungsfl\u00e4che.<\/p>\n<h2><span style=\"color: #008080;\">\u00d6ffnungszeiten<\/span><\/h2>\n<p><strong>OGS<\/strong><\/p>\n<ul style=\"list-style-type: circle;\">\n<li>Betreuung von 8.00 \u2013 16.00 Uhr (Anwesenheitspflicht bis 15.00 Uhr)<\/li>\n<li>Betreuung an unterrichtsfreien Tagen (z.B. beweglichen Ferientage,<br \/>\nKonferenzen) von 8.00 \u2013 16.00 Uhr<\/li>\n<li>Ganztagsbetreuung in den Ferien von 8.00 \u2013 16.00 Uhr (3 Wochen in<br \/>\nden Sommerferien, je1 Woche in den Oster- und Herbstferien; die restlichen Zeiten werden in Kooperation mit Partnerschulen abgedeckt)<\/li>\n<\/ul>\n<p><strong>Verl\u00e4ssliche Grundschule:<\/strong><\/p>\n<ul style=\"list-style-type: circle;\">\n<li>Betreuung von 8.00 \u2013 13.15 Uhr an Schultagen vor und nach dem Unterricht. In den Ferien besteht f\u00fcr diese Gruppe keine Betreuung.<\/li>\n<\/ul>\n<h2><span style=\"color: #008080;\">Der Tagesablauf<\/span><\/h2>\n<p>Die Kinder kommen ab 11.30 Uhr, je nach Schulschluss, in die OGS.<\/p>\n<p>Um 13.45 Uhr gibt es in der Mensa das Mittagessen f\u00fcr alle Kinder.<\/p>\n<p>Danach beginnt die Hausaufgabenbetreuung. Kinder, die ihre Aufgaben erledigt haben, gehen in den Spielraum.<\/p>\n<p>Um 14.45 Uhr gibt es f\u00fcr alle Kinder einen kleinen Imbiss, d.h. Obst, Gem\u00fcse, Kekse und Getr\u00e4nke.<\/p>\n<p>Um 15.00 Uhr beginnen die AGs. Kinder, die nicht an einer AG teilnehmen, bleiben in den R\u00e4umen der OGS.<\/p>\n<p>Zwischen den Aktivit\u00e4ten wie Mittagessen, Hausaufgaben und AGs haben die Kinder die M\u00f6glichkeit wahlweise in den R\u00e4umen oder auf dem Schulhof frei zu spielen. Offene Angebote der Erzieherinnen bieten den Kindern weitere M\u00f6glichkeiten, ihre Zeit sinnvoll zu nutzen.<\/p>\n<h2><span style=\"color: #008080;\">Die Hausaufgaben<\/span><\/h2>\n<p>Die Hausaufgabenbetreuung ist ein wichtiger Bestandteil der OGS. Die Kinder erhalten durch eine Fachkraft die notwendige Hilfe, um ihre schriftlichen Aufgaben zu erledigen.<\/p>\n<p>Viermal pro Woche (Mo-Do) erhalten wir Unterst\u00fctzung durch Lehrkr\u00e4fte. Unser Hauptanliegen ist es, dass die Kinder lernen, ihre schriftlichen Aufgaben selbstst\u00e4ndig und eigenverantwortlich zu erledigen. Freitags findet keine Hausaufgabenbetreuung statt.<\/p>\n<p>Im Merkheft wird notiert, wenn die schriftlichen Hausaufgaben nicht vollst\u00e4ndig bearbeitet wurden. Die Hausaufgabenbetreuung ist keine Nachhilfe. M\u00fcndliche Hausaufgaben wie Lesen, Auswendiglernen oder Einmaleinsaufgaben \u00fcben k\u00f6nnen w\u00e4hrend der Betreuungszeit nicht abgefragt werden. Diese Aufgaben sowie die Kontrolle der Hausaufgaben muss in letzter Verantwortung bei den Eltern bleiben, da es \u00fcberaus wichtig ist, dass sie einen Einblick in die Lernf\u00e4higkeit, Lerninhalte und Entwicklung ihrer Kinder bekommen.<\/p>\n<h2><span style=\"color: #008080;\">Die AGs<\/span><\/h2>\n<p>Die angebotenen Kurse finden jeden Nachmittag ab 15.00 Uhr statt und wechseln im Halbjahresrhythmus, je nach Interesse der Kinder. F\u00fcr die Teilnahme entstehen keine zus\u00e4tzlichen Kosten. Die AGs enden gleichzeitig mit der OGS um 16.00 Uhr.<\/p>\n<p>Aktuelle Kurse (Stand Schuljahr 2024\/25):<\/p>\n<p>Montag:&nbsp; &nbsp; &nbsp; &nbsp; &nbsp;Bewegung<\/p>\n<p>Dienstag:&nbsp; &nbsp; &nbsp; &nbsp;Fu\u00dfball<\/p>\n<p>Mittwoch:&nbsp; &nbsp; &nbsp; Kochen und Backen<\/p>\n<p>Donnerstag:&nbsp; Handball<\/p>\n<p>Freitags finden Gruppenaktivit\u00e4ten wie beispielsweise Spielkreise, Geburtstagsfeiern (jeden letzten Freitag im Monat) oder Kinderkonferenzen (jeden 2. Freitag im Monat) statt.<\/p>\n<p>Bei der Durchf\u00fchrung der Nachmittagsangebote arbeiten wir mit der Jugendkunstschule und den \u00f6rtlichen Sportvereinen zusammen.<\/p>\n<p>Nachmittags-AGs, die allgemein f\u00fcr Sch\u00fcler der Gerhart-Hauptmann-Schule angeboten werden, k\u00f6nnen von den Kindern der OGS ebenfalls besucht werden.<\/p>\n<h2><span style=\"color: #008080;\">Projekte<\/span><\/h2>\n<p>Verschiedene Projekte entstehen durch die Interessen der Kinder, Jahreszeiten oder andere Gegebenheiten. W\u00e4hrend der Herbstferien 2009 haben wir mit Unterst\u00fctzung der Mobilen Kinder Werkstatt des Kirchenkreises Unna ein Kasperletheater gebaut (FOTO). Im Winter gab es das Theaterprojekt zu dem Buch \u201eHilfe, die Herdmann\u00b4s kommen\u201c. In den Osterferien 2010 haben wir mit den Kindern einen Garten angelegt.<\/p>\n<h2><span style=\"color: #008080;\">Das Team<\/span><\/h2>\n<p>Unser multiprofessionelles Team setzt sich zur Zeit aus dreizehn Frauen und einem Mann zusammen.<\/p>\n<p>Zwischenzeitlich besuchen uns Praktikanten der weiterf\u00fchrenden Schulen.<\/p>\n<p>Wir nehmen regelm\u00e4\u00dfig an Fortbildungen in den verschiedensten Bereichen teil.<\/p>\n<h2><span style=\"color: #008080;\">Das Konzept<\/span><\/h2>\n<h4><span style=\"color: #000000;\">Gesamtkonzept<\/span><\/h4>\n<p>Die Inhalte und Ziele des Konzepts und die Ganztagsangebote sind auf die Grunds\u00e4tze und Leitideen des Schulprogramms abgestimmt.<\/p>\n<p>Das Ganztagskonzept der Gerhart-Hauptmann-Schule ber\u00fccksichtigt \u00f6rtliche Gegebenheiten und bietet f\u00fcr alle Beteiligten einen verl\u00e4sslichen Rahmen von 8.00 \u2013 16.00 Uhr. Mit Kooperationspartnern wird ein qualitativ gutes Angebot erreicht, das die Bed\u00fcrfnisse der Kinder und Eltern ber\u00fccksichtigt.<\/p>\n<p>Das Konzept erm\u00f6glicht mehr Zeit und Gelegenheit f\u00fcr individuelle F\u00f6rderung, Spiel- und Freizeitgestaltung aller an der Schule beteiligten Gesellschaftsgruppen und erh\u00f6ht die M\u00f6glichkeit der Chancengleichheit f\u00fcr alle Kinder. Insbesondere unterst\u00fctzt es die sprachliche Entwicklung von Kindern mit anderer Herkunftssprache.<\/p>\n<p>Das im Schulprogramm beschriebene F\u00f6rderkonzept soll auch in der Ganztagsschule Beachtung finden.<\/p>\n<h4><span style=\"color: #000000;\">F\u00f6rderangebote<\/span><\/h4>\n<p>Das p\u00e4dagogische Ganztagskonzept der Gerhart-Hauptmann-Schule basiert auf einem umfassenden und auf F\u00f6rderung der Kinder in vielen Bereichen ausgerichteten Betreuungsangebot.<\/p>\n<p>Die Angebote zur Lern- und Leistungsf\u00f6rderung zielen sowohl auf die Kinder mit Defiziten als auch auf leistungsstarke Sch\u00fclerinnen und Sch\u00fcler ab. Die Umsetzung geschieht durch die Einrichtung von Angeboten zur Lese- und Schreibf\u00f6rderung, F\u00f6rderung im Bereich Mathematik, verschiedene Angebote der Wahrnehmungsf\u00f6rderung und F\u00f6rderung in \u201eDeutsch als Zweitsprache\u201c. Die genaue Zusammensetzung des Angebotes richtet sich nach dem Bedarf der angemeldeten Kinder.<\/p>\n<p>Ein Teil der F\u00f6rderangebote wird im Rahmen der zur Verf\u00fcgung stehenden Stunden durch Lehrkr\u00e4fte erteilt. Die F\u00f6rderung im sportlichen Bereich wird auch durch \u00dcbungsleiter eines Sportvereins stattfinden. Die Hausaufgabenbetreuung erfolgt grunds\u00e4tzlich durch qualifizierte Fachkr\u00e4fte des Teams, aber auch LehrerInnen k\u00f6nnen eingebunden werden.<\/p>\n<p>Eltern sind eingeladen, die Arbeit der Offenen Ganztagsgrundschule zu unterst\u00fctzen, z.B. als Lesemutter oder \u2013vater, Computerfachmann\/-frau usw.<\/p>\n<h4><span style=\"color: #000000;\">P\u00e4dagogische Schwerpunkte<\/span><\/h4>\n<p>P\u00e4dagogische Schwerpunkte und konzeptionelle Bausteine neben den F\u00f6rderangeboten der Gerhart-Hauptmann-Schule sind:<\/p>\n<ul>\n<li>St\u00e4rkung der positiven Gesamtpers\u00f6nlichkeit des Kindes<\/li>\n<li>Werteerziehung<\/li>\n<li>Soziales Lernen (Regeln menschlichen Zusammenlebens anerkennen und pers\u00f6nliche und soziale Kompetenz f\u00f6rdern)<\/li>\n<li>Erleben und Ein\u00fcben eines f\u00f6rderlichen Gemeinschaftslebens<\/li>\n<li>Verst\u00e4ndnis f\u00fcr unterschiedliche Kulturkreise entwickeln<\/li>\n<li>Gesundheitserziehung (t\u00e4glich gemeinsames warmes Mittagessen, gesunde Ern\u00e4hrung, Bewegungserziehung)<\/li>\n<li>F\u00f6rdernde Hausaufgabenbetreuung<\/li>\n<li>Erweiterung von kognitiven, sprachliche, musischen und k\u00fcnstlerischen F\u00e4higkeiten<\/li>\n<li>Bewegung, Sport und Spielkreise<\/li>\n<li>P\u00e4dagogisch sinnvolle Freizeitgestaltung<\/li>\n<li>\u00d6ffnung von Schule zum Stadtteil (Verein, Einrichtung)<\/li>\n<\/ul>\n<h4><span style=\"color: #000000;\">Einbeziehung von Eltern und Kindern<\/span><\/h4>\n<p>Alle Eltern der Schulkinder und Schulanf\u00e4nger werden zu einer Elterninformationsveranstaltung im M\u00e4rz jeden Jahres eingeladen. Sie werden bei dem Informationsabend \u00fcber das Angebot, die Arbeit und die F\u00f6rderm\u00f6glichkeiten der Offenen Ganztagsschule informiert und k\u00f6nnen Anregungen zur weiteren Arbeit geben.<\/p>\n<p>Dar\u00fcber hinaus findet nach Beginn eines Schuljahres f\u00fcr die Eltern der angemeldeten Kinder ein weiterer Elternabend zum Informationsaustausch statt.<\/p>\n<p>Zur Weiterentwicklung des Konzepts findet j\u00e4hrlich eine Abfrage zur Zufriedenheit der Kinder und Eltern zum Angebot und zur Arbeit der OGS statt.<\/p>\n<p>Interessierte Eltern sind jederzeit zur Mitarbeit willkommen. Au\u00dferdem soll ihnen im Rahmen der Elternarbeit durch die Leitung ein regelm\u00e4\u00dfiger Kontakt zu den Mitarbeiterinnen erm\u00f6glicht werden. Durch die Elternarbeit und \u2013gespr\u00e4che wird sichergestellt, dass Absprachen \u00fcber erzieherische Ma\u00dfnahmen getroffen werden k\u00f6nnen.<\/p>\n<h4><strong>Zusammenarbeit<\/strong><\/h4>\n<p>Kooperationspartner f\u00fcr die Nachmittagsangebote sind u. a. die Jugendkunstschule, \u00f6rtliche Sportvereine und die Stadtbibliothek.<\/p>\n<p>W\u00e4hrend der Ferienzeit wird die Betreuung durch eine Kooperation mit anderen Ganztagsgrundschulen in der Stadt Bergkamen gew\u00e4hrleistet. Auch an beweglichen Ferientagen kann eine Zusammenlegung einzelner Schulen erfolgen, wenn z. B. weniger als 6 Kinder f\u00fcr eine Schule angemeldet sind.<\/p>\n<p>Es findet eine enge Zusammenarbeit durch Absprachen zwischen den Lehrerinnen und Lehrern und den Ganztagskr\u00e4ften der Gerhart-Hauptmann-Schule statt. Die Erziehungsfachkr\u00e4fte k\u00f6nnen bei Bedarf an Teilkonferenzen der Schule teilnehmen. Lehrerinnen und Lehrer beraten und unterst\u00fctzen die Mitarbeiter der OGS und f\u00fchren auch einzelne F\u00f6rderangebote im Rahmen der zur Verf\u00fcgung stehenden Lehrerstunden durch.<\/p>\n<p>Die Schulleitung und die Leitung der OGS stehen in regelm\u00e4\u00dfigem Informationsaustausch und beraten gemeinsam grunds\u00e4tzliche Fragestellungen und zu regelnde organisatorische Belange.<\/p>\n<h4>Fr\u00fchst\u00fcckscaf\u00e9<\/h4>\n<p>Jeden Freitag (au\u00dfer vor und in den Ferien) findet unser Fr\u00fchst\u00fcckscaf\u00e9 statt.<\/p>\n<p>In den R\u00e4umen der OGS treffen sich zwischen 09:00 und 11:00 Uhr Eltern zum gemeinschaftlichen Austausch.<\/p>\n<p>(Stand: 05.09.2024)<\/p>\n","protected":false},"excerpt":{"rendered":"<p>Die Offene Ganztagsschule (OGS) Mit der Einf\u00fchrung der OGS im Sommer 2006 wurde das bereits bestehende Betreuungsangebot, \u201eSchule von acht bis eins\u201c, heute \u201eVerl\u00e4ssliche Grundschule\u201c, um ein qualitativ weiterf\u00fchrendes Angebot erg\u00e4nzt. Aktuell besuchen ca. 140 Kinder der 1. \u2013 4. Klasse die OGS und die verl\u00e4ssliche Schule. Tr\u00e4ger der Offenen Ganztagsgrundschule ist die Bildung und <a href='https:\/\/www.gerhart-hauptmann-grundschule.de\/verwaltung\/?page_id=1741' class='excerpt-more'>[&#8230;]<\/a><\/p>\n","protected":false},"author":6,"featured_media":0,"parent":0,"menu_order":0,"comment_status":"closed","ping_status":"closed","template":"","meta":{"ngg_post_thumbnail":0,"footnotes":""},"class_list":["post-1741","page","type-page","status-publish","hentry","post-seq-1","post-parity-odd","meta-position-corners","fix"],"_links":{"self":[{"href":"https:\/\/www.gerhart-hauptmann-grundschule.de\/verwaltung\/index.php?rest_route=\/wp\/v2\/pages\/1741","targetHints":{"allow":["GET"]}}],"collection":[{"href":"https:\/\/www.gerhart-hauptmann-grundschule.de\/verwaltung\/index.php?rest_route=\/wp\/v2\/pages"}],"about":[{"href":"https:\/\/www.gerhart-hauptmann-grundschule.de\/verwaltung\/index.php?rest_route=\/wp\/v2\/types\/page"}],"author":[{"embeddable":true,"href":"https:\/\/www.gerhart-hauptmann-grundschule.de\/verwaltung\/index.php?rest_route=\/wp\/v2\/users\/6"}],"replies":[{"embeddable":true,"href":"https:\/\/www.gerhart-hauptmann-grundschule.de\/verwaltung\/index.php?rest_route=%2Fwp%2Fv2%2Fcomments&post=1741"}],"version-history":[{"count":16,"href":"https:\/\/www.gerhart-hauptmann-grundschule.de\/verwaltung\/index.php?rest_route=\/wp\/v2\/pages\/1741\/revisions"}],"predecessor-version":[{"id":2850,"href":"https:\/\/www.gerhart-hauptmann-grundschule.de\/verwaltung\/index.php?rest_route=\/wp\/v2\/pages\/1741\/revisions\/2850"}],"wp:attachment":[{"href":"https:\/\/www.gerhart-hauptmann-grundschule.de\/verwaltung\/index.php?rest_route=%2Fwp%2Fv2%2Fmedia&parent=1741"}],"curies":[{"name":"wp","href":"https:\/\/api.w.org\/{rel}","templated":true}]}}