{"id":418,"date":"2012-08-30T11:43:22","date_gmt":"2012-08-30T09:43:22","guid":{"rendered":"http:\/\/gerhart-hauptmann-grundschule.de\/verwaltung\/?page_id=418"},"modified":"2026-02-12T14:37:07","modified_gmt":"2026-02-12T13:37:07","slug":"aktuelles","status":"publish","type":"page","link":"https:\/\/www.gerhart-hauptmann-grundschule.de\/verwaltung\/?page_id=418","title":{"rendered":"Aktuelles"},"content":{"rendered":"<p><strong><span style=\"text-decoration: underline;\">Aktuelle Brosch\u00fcren des Schulministeriums<\/span><\/strong><\/p>\n<p>Die aktuellen Ausgaben der Brosch\u00fcren \u201e<strong>Die Grundschule in NRW<\/strong>\u201c und \u201e<strong>Die Sekundarstufe I in Nordrhein-Westfalen<\/strong>\u201c finden Sie ab sofort online im Brosch\u00fcrenservice des Schulministeriums.<\/p>\n<p>Bitte beachten Sie: Die Brosch\u00fcren werden <u>nicht <\/u>mehr per Post versandt und stehen ausschlie\u00dflich online zum Lesen sowie zum Download bereit.<\/p>\n<p>PDF-Versionen:<\/p>\n<p><a href=\"https:\/\/broschuerenservice.nrw.de\/msb-duesseldorf\/shop\/die-grundschule-in-nordrhein-westfalen.-informationen-fur-eltern%7C293\/0\">https:\/\/broschuerenservice.nrw.de\/msb-duesseldorf\/shop\/<strong>die-grundschule<\/strong>-in-nordrhein-westfalen.-informationen-fur-eltern%7C293\/0<\/a><br \/>\n<strong>KUZ-URL: <\/strong><a href=\"https:\/\/url.nrw\/grundschule-nrw-pdf\"><strong>https:\/\/url.nrw\/grundschule-nrw-pdf<\/strong><\/a><br \/>\n<a href=\"https:\/\/broschuerenservice.nrw.de\/msb-duesseldorf\/shop\/die-sekundarstufe-i-in-nordrhein-westfalen.-informationen-fur-eltern.%7C346\/4\">https:\/\/broschuerenservice.nrw.de\/msb-duesseldorf\/shop\/<strong>die-sekundarstufe-i<\/strong>-in-nordrhein-westfalen.-informationen-fur-eltern.%7C346\/4<\/a><br \/>\n<strong>KURZ-URL: <\/strong><a href=\"https:\/\/url.nrw\/sek1-nrw-pdf\"><strong>https:\/\/url.nrw\/sek1-nrw-pdf<\/strong><\/a><strong>&nbsp;<\/strong><\/p>\n<p><strong>&nbsp;<\/strong><\/p>\n<p>Als lesefreundliche Version f\u00fcr Smartphone und Tablet:<\/p>\n<p><a href=\"https:\/\/msb.brosch\u00fcren.nrw\/die-grundschule-in-nrw\">https:\/\/msb.brosch\u00fcren.nrw\/<strong>die-grundschule<\/strong>-in-nrw<\/a><u><br \/>\n<\/u><strong>KURZ-URL: <\/strong><a href=\"https:\/\/url.nrw\/grundschule-nrw-mobil\"><strong>https:\/\/url.nrw\/grundschule-nrw-mobil<\/strong><\/a><\/p>\n<p><a href=\"https:\/\/msb.brosch\u00fcren.nrw\/sekundarstufe-1\">https:\/\/msb.brosch\u00fcren.nrw\/<strong>sekundarstufe-1<\/strong><\/a><br \/>\n<strong>KURZ-URL: <\/strong><a href=\"https:\/\/url.nrw\/sek1-nrw-mobil\"><strong>https:\/\/url.nrw\/sek1-nrw-mobil<\/strong><\/a><\/p>\n<p>&nbsp;<\/p>\n<p>&nbsp;<\/p>\n<p><strong>Die Informationsflyer des Gymnasiums Bergkamen<\/strong><\/p>\n<p><a href=\"https:\/\/www.gerhart-hauptmann-grundschule.de\/verwaltung\/wp-content\/uploads\/2024\/10\/2024-erprobungsstufe.pdf\">Erprobungsstufe 2024<\/a><\/p>\n<p><a href=\"https:\/\/www.gerhart-hauptmann-grundschule.de\/verwaltung\/wp-content\/uploads\/2024\/10\/2024inlay-erprobungsstufe-fin.pdf\">Erprobungsstufe 2024 II<\/a><\/p>\n<p>Inhaltlich k\u00f6nnen die Eltern dem Flyer Abl\u00e4ufe \u00fcber den Probeunterricht vor der Schulwahl, Informationen \u00fcber die Erprobungsstufe und \u00fcber die Profilklassen des SGB entnehmen.<\/p>\n<p>Angek\u00fcndigt wird aber insbesondere der &#8222;Tag der offenen T\u00fcr 2024&#8220;, der am Samstag, 23. November 2024, stattfindet und bei dem die Schulleitung und das Kollegium f\u00fcr offene Fragen gerne zur Verf\u00fcgung steht.<\/p>\n<p>Der F\u00f6rderverein des SGB unterst\u00fctzt dabei die Vorstellung der Schule mit verschiedenen Aktionen und hat auch die Eltern aus unterschiedlichen Jahrg\u00e4ngen um Mithilfe gebeten. Damit wird ein Konzept fortgesetzt, dass interessierten Sch\u00fclerinnen\/Sch\u00fclern mit ihren Eltern aus den 4. Jahrg\u00e4ngen ein schnellen Draht zu ihrer m\u00f6glichen neuen Schule erm\u00f6glicht\n<!-- NOTE: If you need to make changes to this file, copy it to your current theme's main\n\tdirectory so your changes won't be overwritten when the plugin is upgraded. -->\n\n<!-- Post Wrap Start-->\n<div class=\"post hentry ivycat-post\">\n\n\t<!-- \tThis outputs the post TITLE -->\n\t<h2 class=\"entry-title\"><a href=\"https:\/\/www.gerhart-hauptmann-grundschule.de\/verwaltung\/?p=2680\">Neues Pausenspielzeug<\/a><\/h2>\n\n\t<!-- \tThis outputs the post EXCERPT.  To display full content including images and html,\n\t\treplace the_excerpt(); with the_content();  below. -->\n\t<div class=\"entry-summary\">\n\t\t<p>Der F\u00f6rderverein unserer Schule hat f\u00fcr die Kinder Pausenspielzeug angeschafft. Jede Klasse hat eine Spielzeugkiste mit Seilchen, Stelzen, Gummitwist usw. erhalten. Zus\u00e4tzlich konnten noch f\u00fcr die vier Jahrg\u00e4nge jeweils eine Kiste mit Pedalos, Tischtennisschl\u00e4gern u. v. m. best\u00fcckt werden. Vielen Dank!<\/p>\n\t<\/div>\n\n\t<!--\tThis outputs the post META information -->\n\t<div class=\"entry-utility\">\n\t\t\t\t\t<span class=\"cat-links\">\n\t\t\t\t<span class=\"entry-utility-prep entry-utility-prep-cat-links\">Posted in<\/span> <a href=\"https:\/\/www.gerhart-hauptmann-grundschule.de\/verwaltung\/?cat=1\" rel=\"category\">Allgemein<\/a>\t\t\t<\/span>\n\t\t\t<span class=\"meta-sep\">|<\/span>\n\t\t\t\t\t\t<span class=\"comments-link\">\n\t\t\t<span>Kommentare deaktiviert<span class=\"screen-reader-text\"> f\u00fcr Neues Pausenspielzeug<\/span><\/span>\t\t<\/span>\n\t\t\t<\/div>\n<\/div>\n<!-- \/\/ Post Wrap End -->\n\n<!-- NOTE: If you need to make changes to this file, copy it to your current theme's main\n\tdirectory so your changes won't be overwritten when the plugin is upgraded. -->\n\n<!-- Post Wrap Start-->\n<div class=\"post hentry ivycat-post\">\n\n\t<!-- \tThis outputs the post TITLE -->\n\t<h2 class=\"entry-title\"><a href=\"https:\/\/www.gerhart-hauptmann-grundschule.de\/verwaltung\/?p=2646\">Spendenaktion der Eltern!<\/a><\/h2>\n\n\t<!-- \tThis outputs the post EXCERPT.  To display full content including images and html,\n\t\treplace the_excerpt(); with the_content();  below. -->\n\t<div class=\"entry-summary\">\n\t\t<p>Einige Eltern unserer Schule haben am 17.03.2023 eine Spendenaktion f\u00fcr die Erdbebenopfer in der T\u00fcrkei und in Syrien geplant und durchgef\u00fchrt. Organisiert wurde der Verkauf von Kaffee, Kuchen, Geb\u00e4ck und vielen Spezialit\u00e4ten. In der Zeit von 8:00 \u2013 13:00 Uhr wurden diese in gem\u00fctlicher Runde in der Cafeteria der Schule den Sch\u00fclerinnen und Sch\u00fclern, den <a href='https:\/\/www.gerhart-hauptmann-grundschule.de\/verwaltung\/?p=2646' class='excerpt-more'>[&#8230;]<\/a><\/p>\n\t<\/div>\n\n\t<!--\tThis outputs the post META information -->\n\t<div class=\"entry-utility\">\n\t\t\t\t\t<span class=\"cat-links\">\n\t\t\t\t<span class=\"entry-utility-prep entry-utility-prep-cat-links\">Posted in<\/span> <a href=\"https:\/\/www.gerhart-hauptmann-grundschule.de\/verwaltung\/?cat=1\" rel=\"category\">Allgemein<\/a>\t\t\t<\/span>\n\t\t\t<span class=\"meta-sep\">|<\/span>\n\t\t\t\t\t\t<span class=\"comments-link\">\n\t\t\t<span>Kommentare deaktiviert<span class=\"screen-reader-text\"> f\u00fcr Spendenaktion der Eltern!<\/span><\/span>\t\t<\/span>\n\t\t\t<\/div>\n<\/div>\n<!-- \/\/ Post Wrap End -->\n\n<!-- NOTE: If you need to make changes to this file, copy it to your current theme's main\n\tdirectory so your changes won't be overwritten when the plugin is upgraded. -->\n\n<!-- Post Wrap Start-->\n<div class=\"post hentry ivycat-post\">\n\n\t<!-- \tThis outputs the post TITLE -->\n\t<h2 class=\"entry-title\"><a href=\"https:\/\/www.gerhart-hauptmann-grundschule.de\/verwaltung\/?p=2590\">Therapiebegleithundeteam<\/a><\/h2>\n\n\t<!-- \tThis outputs the post EXCERPT.  To display full content including images and html,\n\t\treplace the_excerpt(); with the_content();  below. -->\n\t<div class=\"entry-summary\">\n\t\t<p>Wir sagen Herzlichen Gl\u00fcckwunsch zu unserer sonderp\u00e4dagogischen Lehrkraft Frau Br\u00f6ker zur erfolgreichen Teilnahme der Fortbildung. Auch ihrem Hund Pino wird gratuliert, er ist nun ein vollwertiger Therapiebegleithund und freut sich auf seinen Einsatz an unserer Schule.<\/p>\n\t<\/div>\n\n\t<!--\tThis outputs the post META information -->\n\t<div class=\"entry-utility\">\n\t\t\t\t\t<span class=\"cat-links\">\n\t\t\t\t<span class=\"entry-utility-prep entry-utility-prep-cat-links\">Posted in<\/span> <a href=\"https:\/\/www.gerhart-hauptmann-grundschule.de\/verwaltung\/?cat=1\" rel=\"category\">Allgemein<\/a>\t\t\t<\/span>\n\t\t\t<span class=\"meta-sep\">|<\/span>\n\t\t\t\t\t\t<span class=\"comments-link\">\n\t\t\t<span>Kommentare deaktiviert<span class=\"screen-reader-text\"> f\u00fcr Therapiebegleithundeteam<\/span><\/span>\t\t<\/span>\n\t\t\t<\/div>\n<\/div>\n<!-- \/\/ Post Wrap End -->\n\n<!-- NOTE: If you need to make changes to this file, copy it to your current theme's main\n\tdirectory so your changes won't be overwritten when the plugin is upgraded. -->\n\n<!-- Post Wrap Start-->\n<div class=\"post hentry ivycat-post\">\n\n\t<!-- \tThis outputs the post TITLE -->\n\t<h2 class=\"entry-title\"><a href=\"https:\/\/www.gerhart-hauptmann-grundschule.de\/verwaltung\/?p=2566\">Weihnachtsfeier 2021<\/a><\/h2>\n\n\t<!-- \tThis outputs the post EXCERPT.  To display full content including images and html,\n\t\treplace the_excerpt(); with the_content();  below. -->\n\t<div class=\"entry-summary\">\n\t\t<p>Wenn sich ein Weihnachtswichtel am Heiligen Abend im M\u00e4rchenwald beim Geschenkeausliefern verirrt und schrecklich friert, dann kuscheln sich Rotk\u00e4ppchen, der gestiefelte Kater, die sieben Zwerge oder der Froschk\u00f6nig mit ihm unter eine Decke und halten sich gegenseitig warm. Strahlende Kinderaugen verfolgten mit Spannung das weihnachtliche Theaterst\u00fcck \u201eUnter einer Decke\u201c, das die Sch\u00fcler der Theater AG <a href='https:\/\/www.gerhart-hauptmann-grundschule.de\/verwaltung\/?p=2566' class='excerpt-more'>[&#8230;]<\/a><\/p>\n\t<\/div>\n\n\t<!--\tThis outputs the post META information -->\n\t<div class=\"entry-utility\">\n\t\t\t\t\t<span class=\"cat-links\">\n\t\t\t\t<span class=\"entry-utility-prep entry-utility-prep-cat-links\">Posted in<\/span> <a href=\"https:\/\/www.gerhart-hauptmann-grundschule.de\/verwaltung\/?cat=1\" rel=\"category\">Allgemein<\/a>\t\t\t<\/span>\n\t\t\t<span class=\"meta-sep\">|<\/span>\n\t\t\t\t\t\t<span class=\"comments-link\">\n\t\t\t<span>Kommentare deaktiviert<span class=\"screen-reader-text\"> f\u00fcr Weihnachtsfeier 2021<\/span><\/span>\t\t<\/span>\n\t\t\t<\/div>\n<\/div>\n<!-- \/\/ Post Wrap End -->\n\n<!-- NOTE: If you need to make changes to this file, copy it to your current theme's main\n\tdirectory so your changes won't be overwritten when the plugin is upgraded. -->\n\n<!-- Post Wrap Start-->\n<div class=\"post hentry ivycat-post\">\n\n\t<!-- \tThis outputs the post TITLE -->\n\t<h2 class=\"entry-title\"><a href=\"https:\/\/www.gerhart-hauptmann-grundschule.de\/verwaltung\/?p=2535\">Rucksack Programm an der GHS<\/a><\/h2>\n\n\t<!-- \tThis outputs the post EXCERPT.  To display full content including images and html,\n\t\treplace the_excerpt(); with the_content();  below. -->\n\t<div class=\"entry-summary\">\n\t\t<p>Nachdem\u00a0die Gerhart-Hauptmann-Schule von 2014 bis 2018 im Rahmen des Rucksack-Programms Eltern mit t\u00fcrkischer Zuwanderungsgeschichte das Angebot der Elternbildung unterbreitete, wird das Programm seit dem Schuljahr 2019\/20 allen Eltern und Kindern der Gerhart-Hauptmann-Schule zug\u00e4nglich gemacht. Heute nutzen Eltern mit und ohne Migrationshintergrund das Sprachbildungsangebot der Gerhart-Hauptmann-Schule; sie sprechen T\u00fcrkisch, Arabisch, Deutsch, Spanisch, Polnisch, Tamilisch, Russisch und <a href='https:\/\/www.gerhart-hauptmann-grundschule.de\/verwaltung\/?p=2535' class='excerpt-more'>[&#8230;]<\/a><\/p>\n\t<\/div>\n\n\t<!--\tThis outputs the post META information -->\n\t<div class=\"entry-utility\">\n\t\t\t\t\t<span class=\"cat-links\">\n\t\t\t\t<span class=\"entry-utility-prep entry-utility-prep-cat-links\">Posted in<\/span> <a href=\"https:\/\/www.gerhart-hauptmann-grundschule.de\/verwaltung\/?cat=1\" rel=\"category\">Allgemein<\/a>\t\t\t<\/span>\n\t\t\t<span class=\"meta-sep\">|<\/span>\n\t\t\t\t\t\t<span class=\"comments-link\">\n\t\t\t<span>Kommentare deaktiviert<span class=\"screen-reader-text\"> f\u00fcr Rucksack Programm an der GHS<\/span><\/span>\t\t<\/span>\n\t\t\t<\/div>\n<\/div>\n<!-- \/\/ Post Wrap End -->\n\n<!-- NOTE: If you need to make changes to this file, copy it to your current theme's main\n\tdirectory so your changes won't be overwritten when the plugin is upgraded. -->\n\n<!-- Post Wrap Start-->\n<div class=\"post hentry ivycat-post\">\n\n\t<!-- \tThis outputs the post TITLE -->\n\t<h2 class=\"entry-title\"><a href=\"https:\/\/www.gerhart-hauptmann-grundschule.de\/verwaltung\/?p=2486\">Jazz for Kids &#8211; Konzert mit Uli B\u00e4r und seiner Band<\/a><\/h2>\n\n\t<!-- \tThis outputs the post EXCERPT.  To display full content including images and html,\n\t\treplace the_excerpt(); with the_content();  below. -->\n\t<div class=\"entry-summary\">\n\t\t<p>Heute war nach einer gef\u00fchlten Ewigkeit endlich mal wieder Schwung in der Bude. Der Musiker Uli B\u00e4r hat zusammen mit der ABC Jazz Band der Jugendkunstschule in Unna nach einer langen Durststrecke zum wiederholten Male f\u00fcr alle Kinder der Gerhart-Hauptmann-Schule im Studiotheater ein kostenloses Kinder-Jazz-Konzert veranstaltet. Das einst\u00fcndige Programm h\u00fcpfte spielerisch \u00fcber die Kontinente und <a href='https:\/\/www.gerhart-hauptmann-grundschule.de\/verwaltung\/?p=2486' class='excerpt-more'>[&#8230;]<\/a><\/p>\n\t<\/div>\n\n\t<!--\tThis outputs the post META information -->\n\t<div class=\"entry-utility\">\n\t\t\t\t\t<span class=\"cat-links\">\n\t\t\t\t<span class=\"entry-utility-prep entry-utility-prep-cat-links\">Posted in<\/span> <a href=\"https:\/\/www.gerhart-hauptmann-grundschule.de\/verwaltung\/?cat=1\" rel=\"category\">Allgemein<\/a>\t\t\t<\/span>\n\t\t\t<span class=\"meta-sep\">|<\/span>\n\t\t\t\t\t\t<span class=\"comments-link\">\n\t\t\t<span>Kommentare deaktiviert<span class=\"screen-reader-text\"> f\u00fcr Jazz for Kids &#8211; Konzert mit Uli B\u00e4r und seiner Band<\/span><\/span>\t\t<\/span>\n\t\t\t<\/div>\n<\/div>\n<!-- \/\/ Post Wrap End -->\n\n<!-- NOTE: If you need to make changes to this file, copy it to your current theme's main\n\tdirectory so your changes won't be overwritten when the plugin is upgraded. -->\n\n<!-- Post Wrap Start-->\n<div class=\"post hentry ivycat-post\">\n\n\t<!-- \tThis outputs the post TITLE -->\n\t<h2 class=\"entry-title\"><a href=\"https:\/\/www.gerhart-hauptmann-grundschule.de\/verwaltung\/?p=2480\">Aktionswochen &#8222;Zu Fu\u00df zur Schule&#8220; 2021<\/a><\/h2>\n\n\t<!-- \tThis outputs the post EXCERPT.  To display full content including images and html,\n\t\treplace the_excerpt(); with the_content();  below. -->\n\t<div class=\"entry-summary\">\n\t\t<p>In den letzten Jahren ist die Zahl der Eltern, die ihre Kinder t\u00e4glich mit dem Auto zur Schule bringen leider erschreckend stark gestiegen.<\/p>\n\t<\/div>\n\n\t<!--\tThis outputs the post META information -->\n\t<div class=\"entry-utility\">\n\t\t\t\t\t<span class=\"cat-links\">\n\t\t\t\t<span class=\"entry-utility-prep entry-utility-prep-cat-links\">Posted in<\/span> <a href=\"https:\/\/www.gerhart-hauptmann-grundschule.de\/verwaltung\/?cat=1\" rel=\"category\">Allgemein<\/a>\t\t\t<\/span>\n\t\t\t<span class=\"meta-sep\">|<\/span>\n\t\t\t\t\t\t<span class=\"comments-link\">\n\t\t\t<span>Kommentare deaktiviert<span class=\"screen-reader-text\"> f\u00fcr Aktionswochen &#8222;Zu Fu\u00df zur Schule&#8220; 2021<\/span><\/span>\t\t<\/span>\n\t\t\t<\/div>\n<\/div>\n<!-- \/\/ Post Wrap End -->\n\n<!-- NOTE: If you need to make changes to this file, copy it to your current theme's main\n\tdirectory so your changes won't be overwritten when the plugin is upgraded. -->\n\n<!-- Post Wrap Start-->\n<div class=\"post hentry ivycat-post\">\n\n\t<!-- \tThis outputs the post TITLE -->\n\t<h2 class=\"entry-title\"><a href=\"https:\/\/www.gerhart-hauptmann-grundschule.de\/verwaltung\/?p=2479\">Einschulung 2021<\/a><\/h2>\n\n\t<!-- \tThis outputs the post EXCERPT.  To display full content including images and html,\n\t\treplace the_excerpt(); with the_content();  below. -->\n\t<div class=\"entry-summary\">\n\t\t<p>Zum ersten Mal seit vielen Jahren fand die Einschulungsfeier heute bei regnerischem Wetter statt. Die zweiten Schuljahre liefen zum Lied &#8222;Herzlich willkommen&#8220; in die Dreifachturnhalle ein und pr\u00e4sentierten nach den Begr\u00fc\u00dfungsworten unserer Schulleiterin, Frau Hoppe, den Erstkl\u00e4sslern und ihren Eltern einen B\u00e4ndertanz. Anschlie\u00dfend zeigten sie den Schulanf\u00e4ngern mit einem Anlaut-Rap, dass sie im letzten Schuljahr <a href='https:\/\/www.gerhart-hauptmann-grundschule.de\/verwaltung\/?p=2479' class='excerpt-more'>[&#8230;]<\/a><\/p>\n\t<\/div>\n\n\t<!--\tThis outputs the post META information -->\n\t<div class=\"entry-utility\">\n\t\t\t\t\t<span class=\"cat-links\">\n\t\t\t\t<span class=\"entry-utility-prep entry-utility-prep-cat-links\">Posted in<\/span> <a href=\"https:\/\/www.gerhart-hauptmann-grundschule.de\/verwaltung\/?cat=1\" rel=\"category\">Allgemein<\/a>\t\t\t<\/span>\n\t\t\t<span class=\"meta-sep\">|<\/span>\n\t\t\t\t\t\t<span class=\"comments-link\">\n\t\t\t<span>Kommentare deaktiviert<span class=\"screen-reader-text\"> f\u00fcr Einschulung 2021<\/span><\/span>\t\t<\/span>\n\t\t\t<\/div>\n<\/div>\n<!-- \/\/ Post Wrap End -->\n\n<!-- NOTE: If you need to make changes to this file, copy it to your current theme's main\n\tdirectory so your changes won't be overwritten when the plugin is upgraded. -->\n\n<!-- Post Wrap Start-->\n<div class=\"post hentry ivycat-post\">\n\n\t<!-- \tThis outputs the post TITLE -->\n\t<h2 class=\"entry-title\"><a href=\"https:\/\/www.gerhart-hauptmann-grundschule.de\/verwaltung\/?p=2455\">Verabschiedung der Viertkl\u00e4ssler und zweier Kolleginnen<\/a><\/h2>\n\n\t<!-- \tThis outputs the post EXCERPT.  To display full content including images and html,\n\t\treplace the_excerpt(); with the_content();  below. -->\n\t<div class=\"entry-summary\">\n\t\t<p>Am Ende eines merkw\u00fcrdigen Schuljahres wurden heute die Viertkl\u00e4ssler der Gerhart-Hauptmann-Schule verabschiedet. Nachdem die Klasse 4b auf dem Schulhof der Schulgemeinde den Cup-Song pr\u00e4sentierte, sangen alle Viertkl\u00e4ssler das Lied &#8222;Alte Schule altes Haus&#8220;. Anschlie\u00dfend schickte Frau Hoppe die Abschlussklassen durch das Spalier der \u00fcbrigen Mitsch\u00fcler aus der Grundschulzeit in die Sommerferien. Wir w\u00fcnschen unseren Gro\u00dfen <a href='https:\/\/www.gerhart-hauptmann-grundschule.de\/verwaltung\/?p=2455' class='excerpt-more'>[&#8230;]<\/a><\/p>\n\t<\/div>\n\n\t<!--\tThis outputs the post META information -->\n\t<div class=\"entry-utility\">\n\t\t\t\t\t<span class=\"cat-links\">\n\t\t\t\t<span class=\"entry-utility-prep entry-utility-prep-cat-links\">Posted in<\/span> <a href=\"https:\/\/www.gerhart-hauptmann-grundschule.de\/verwaltung\/?cat=1\" rel=\"category\">Allgemein<\/a>\t\t\t<\/span>\n\t\t\t<span class=\"meta-sep\">|<\/span>\n\t\t\t\t\t\t<span class=\"comments-link\">\n\t\t\t<span>Kommentare deaktiviert<span class=\"screen-reader-text\"> f\u00fcr Verabschiedung der Viertkl\u00e4ssler und zweier Kolleginnen<\/span><\/span>\t\t<\/span>\n\t\t\t<\/div>\n<\/div>\n<!-- \/\/ Post Wrap End -->\n\n<!-- NOTE: If you need to make changes to this file, copy it to your current theme's main\n\tdirectory so your changes won't be overwritten when the plugin is upgraded. -->\n\n<!-- Post Wrap Start-->\n<div class=\"post hentry ivycat-post\">\n\n\t<!-- \tThis outputs the post TITLE -->\n\t<h2 class=\"entry-title\"><a href=\"https:\/\/www.gerhart-hauptmann-grundschule.de\/verwaltung\/?p=2453\">Fahrradaktivste Schule beim Stadtradeln<\/a><\/h2>\n\n\t<!-- \tThis outputs the post EXCERPT.  To display full content including images and html,\n\t\treplace the_excerpt(); with the_content();  below. -->\n\t<div class=\"entry-summary\">\n\t\t<p>Gl\u00fcckwunsch! Die Gerhart-Hauptmann-Schule belegte beim Stadtradeln den 1. Platz und darf sich &#8222;Fahrradaktivste Schule&#8220; nennen. &nbsp; &nbsp;<\/p>\n\t<\/div>\n\n\t<!--\tThis outputs the post META information -->\n\t<div class=\"entry-utility\">\n\t\t\t\t\t<span class=\"cat-links\">\n\t\t\t\t<span class=\"entry-utility-prep entry-utility-prep-cat-links\">Posted in<\/span> <a href=\"https:\/\/www.gerhart-hauptmann-grundschule.de\/verwaltung\/?cat=1\" rel=\"category\">Allgemein<\/a>\t\t\t<\/span>\n\t\t\t<span class=\"meta-sep\">|<\/span>\n\t\t\t\t\t\t<span class=\"comments-link\">\n\t\t\t<span>Kommentare deaktiviert<span class=\"screen-reader-text\"> f\u00fcr Fahrradaktivste Schule beim Stadtradeln<\/span><\/span>\t\t<\/span>\n\t\t\t<\/div>\n<\/div>\n<!-- \/\/ Post Wrap End -->\n<\/p>\n","protected":false},"excerpt":{"rendered":"<p>Aktuelle Brosch\u00fcren des Schulministeriums Die aktuellen Ausgaben der Brosch\u00fcren \u201eDie Grundschule in NRW\u201c und \u201eDie Sekundarstufe I in Nordrhein-Westfalen\u201c finden Sie ab sofort online im Brosch\u00fcrenservice des Schulministeriums. Bitte beachten Sie: Die Brosch\u00fcren werden nicht mehr per Post versandt und stehen ausschlie\u00dflich online zum Lesen sowie zum Download bereit. PDF-Versionen: https:\/\/broschuerenservice.nrw.de\/msb-duesseldorf\/shop\/die-grundschule-in-nordrhein-westfalen.-informationen-fur-eltern%7C293\/0 KUZ-URL: https:\/\/url.nrw\/grundschule-nrw-pdf https:\/\/broschuerenservice.nrw.de\/msb-duesseldorf\/shop\/die-sekundarstufe-i-in-nordrhein-westfalen.-informationen-fur-eltern.%7C346\/4 KURZ-URL: <a href='https:\/\/www.gerhart-hauptmann-grundschule.de\/verwaltung\/?p=2453' class='excerpt-more'>[&#8230;]<\/a><\/p>\n","protected":false},"author":6,"featured_media":0,"parent":0,"menu_order":0,"comment_status":"closed","ping_status":"closed","template":"","meta":{"ngg_post_thumbnail":0,"footnotes":""},"class_list":["post-418","page","type-page","status-publish","hentry","category-1-id","post-seq-1","post-parity-odd","meta-position-corners","fix"],"_links":{"self":[{"href":"https:\/\/www.gerhart-hauptmann-grundschule.de\/verwaltung\/index.php?rest_route=\/wp\/v2\/pages\/418","targetHints":{"allow":["GET"]}}],"collection":[{"href":"https:\/\/www.gerhart-hauptmann-grundschule.de\/verwaltung\/index.php?rest_route=\/wp\/v2\/pages"}],"about":[{"href":"https:\/\/www.gerhart-hauptmann-grundschule.de\/verwaltung\/index.php?rest_route=\/wp\/v2\/types\/page"}],"author":[{"embeddable":true,"href":"https:\/\/www.gerhart-hauptmann-grundschule.de\/verwaltung\/index.php?rest_route=\/wp\/v2\/users\/6"}],"replies":[{"embeddable":true,"href":"https:\/\/www.gerhart-hauptmann-grundschule.de\/verwaltung\/index.php?rest_route=%2Fwp%2Fv2%2Fcomments&post=418"}],"version-history":[{"count":12,"href":"https:\/\/www.gerhart-hauptmann-grundschule.de\/verwaltung\/index.php?rest_route=\/wp\/v2\/pages\/418\/revisions"}],"predecessor-version":[{"id":3236,"href":"https:\/\/www.gerhart-hauptmann-grundschule.de\/verwaltung\/index.php?rest_route=\/wp\/v2\/pages\/418\/revisions\/3236"}],"wp:attachment":[{"href":"https:\/\/www.gerhart-hauptmann-grundschule.de\/verwaltung\/index.php?rest_route=%2Fwp%2Fv2%2Fmedia&parent=418"}],"curies":[{"name":"wp","href":"https:\/\/api.w.org\/{rel}","templated":true}]}}