{"id":491,"date":"2012-09-06T20:33:35","date_gmt":"2012-09-06T18:33:35","guid":{"rendered":"http:\/\/gerhart-hauptmann-grundschule.de\/verwaltung\/?page_id=491"},"modified":"2024-12-12T09:32:38","modified_gmt":"2024-12-12T08:32:38","slug":"kinder-uni","status":"publish","type":"page","link":"https:\/\/www.gerhart-hauptmann-grundschule.de\/verwaltung\/?page_id=491","title":{"rendered":"Kinder Uni"},"content":{"rendered":"<p><span class=\"Apple-style-span\" style=\"border-collapse: separate; color: #000000; font-family: 'Times New Roman'; font-style: normal; font-variant: normal; font-weight: normal; letter-spacing: normal; line-height: normal; orphans: 2; text-align: -webkit-auto; text-indent: 0px; text-transform: none; white-space: normal; widows: 2; word-spacing: 0px; -webkit-border-horizontal-spacing: 0px; -webkit-border-vertical-spacing: 0px; -webkit-text-decorations-in-effect: none; -webkit-text-size-adjust: auto; -webkit-text-stroke-width: 0px; font-size: medium;\"><span class=\"Apple-style-span\" style=\"font-family: Verdana, Tahoma, Arial, Helvetica, sans-serif, sans-serif; font-size: 24px; line-height: 28px; text-align: center;\">Kinder- und Jugend-Uni im Kreis Unna<\/span><\/span><\/p>\n<hr>\n<table border=\"0\">\n<tbody>\n<tr>\n<td>Die im M\u00e4rz 2007 gegr\u00fcndete Kinder-Uni ist ein Projekt aus dem vom Landrat Michael Makiolla initiierten Zukunftsdialog Kreis Unna. Hierf\u00fcr kooperiert der Kreis Unna und Wissenschaft vor Ort e. V. mit den Hochschulen der Region. Auch das neue Programm der Kinder-Uni verspricht spannende und lehrreiche Vorlesungen, mit denen man bei Kindern ab 8 Jahren Neugierde auf Wissen wecken m\u00f6chte<\/td>\n<td><a href=\"http:\/\/gerhart-hauptmann-grundschule.de\/verwaltung\/wp-content\/uploads\/2012\/09\/kinder_uni.png\"><img loading=\"lazy\" decoding=\"async\" class=\"alignright size-full wp-image-492\" title=\"kinder_uni\" src=\"http:\/\/gerhart-hauptmann-grundschule.de\/verwaltung\/wp-content\/uploads\/2012\/09\/kinder_uni.png\" alt=\"\" width=\"170\" height=\"267\"><\/a><\/td>\n<\/tr>\n<\/tbody>\n<\/table>\n<p>&nbsp;<\/p>\n<p><a href=\"https:\/\/www.kreis-unna.de\/index.php?object=tx,3674.5.1&amp;ModID=255&amp;FID=3674.10043.1\">Kinder- und Jugend-Uni des Kreise Unna<\/a><\/p>\n<p><a style=\"color: #003399; font-size: 12px; font-family: Verdana, Tahoma, Arial, Helvetica, sans-serif, sans-serif; font-weight: normal; font-style: normal;\" href=\"http:\/\/gerhart-hauptmann-grundschule.de\/Files\/Kinder%20Uni\/Kinder_Uni_1_Halbj_2011.pdf\">&nbsp;<\/a><\/p>\n","protected":false},"excerpt":{"rendered":"<p>Kinder- und Jugend-Uni im Kreis Unna Die im M\u00e4rz 2007 gegr\u00fcndete Kinder-Uni ist ein Projekt aus dem vom Landrat Michael Makiolla initiierten Zukunftsdialog Kreis Unna. Hierf\u00fcr kooperiert der Kreis Unna und Wissenschaft vor Ort e. V. mit den Hochschulen der Region. Auch das neue Programm der Kinder-Uni verspricht spannende und lehrreiche Vorlesungen, mit denen man <a href='https:\/\/www.gerhart-hauptmann-grundschule.de\/verwaltung\/?page_id=491' class='excerpt-more'>[&#8230;]<\/a><\/p>\n","protected":false},"author":6,"featured_media":0,"parent":0,"menu_order":0,"comment_status":"closed","ping_status":"closed","template":"","meta":{"ngg_post_thumbnail":0,"footnotes":""},"class_list":["post-491","page","type-page","status-publish","hentry","post-seq-1","post-parity-odd","meta-position-corners","fix"],"_links":{"self":[{"href":"https:\/\/www.gerhart-hauptmann-grundschule.de\/verwaltung\/index.php?rest_route=\/wp\/v2\/pages\/491","targetHints":{"allow":["GET"]}}],"collection":[{"href":"https:\/\/www.gerhart-hauptmann-grundschule.de\/verwaltung\/index.php?rest_route=\/wp\/v2\/pages"}],"about":[{"href":"https:\/\/www.gerhart-hauptmann-grundschule.de\/verwaltung\/index.php?rest_route=\/wp\/v2\/types\/page"}],"author":[{"embeddable":true,"href":"https:\/\/www.gerhart-hauptmann-grundschule.de\/verwaltung\/index.php?rest_route=\/wp\/v2\/users\/6"}],"replies":[{"embeddable":true,"href":"https:\/\/www.gerhart-hauptmann-grundschule.de\/verwaltung\/index.php?rest_route=%2Fwp%2Fv2%2Fcomments&post=491"}],"version-history":[{"count":28,"href":"https:\/\/www.gerhart-hauptmann-grundschule.de\/verwaltung\/index.php?rest_route=\/wp\/v2\/pages\/491\/revisions"}],"predecessor-version":[{"id":2882,"href":"https:\/\/www.gerhart-hauptmann-grundschule.de\/verwaltung\/index.php?rest_route=\/wp\/v2\/pages\/491\/revisions\/2882"}],"wp:attachment":[{"href":"https:\/\/www.gerhart-hauptmann-grundschule.de\/verwaltung\/index.php?rest_route=%2Fwp%2Fv2%2Fmedia&parent=491"}],"curies":[{"name":"wp","href":"https:\/\/api.w.org\/{rel}","templated":true}]}}