{"id":494,"date":"2012-09-06T20:43:42","date_gmt":"2012-09-06T18:43:42","guid":{"rendered":"http:\/\/gerhart-hauptmann-grundschule.de\/verwaltung\/?page_id=494"},"modified":"2020-07-06T09:34:07","modified_gmt":"2020-07-06T07:34:07","slug":"eislaufen","status":"publish","type":"page","link":"https:\/\/www.gerhart-hauptmann-grundschule.de\/verwaltung\/?page_id=494","title":{"rendered":"Eislaufen"},"content":{"rendered":"<p>Sch\u00fcler machen im Gleiten Erfahrungen mit dem dynamischen Gleichgewicht bei schnellen Fortbewegungen und entwickeln Bewegungsk\u00f6nnen. Sie erschlie\u00dfen sich au\u00dferschulische Bewegungsr\u00e4ume und setzen sich mit ihrer Umwelt auseinander. Dabei lernen sie auch, mit Wagnis und Risiko verantwortungsbewusst umzugehen ( Richtlinien und Lehrpl\u00e4ne NRW, Seite 131).<\/p>\n<p>In der Zeit nach den Herbstferien bis hin zu den Osterferien steht uns einmal in der Woche, donnerstags in der 5. und 6. Stunde, die nahegelegene \u00f6rtliche Eissporthalle in Bergkamen-Weddinghofen zur Verf\u00fcgung. Diese erreichen wir nach einer etwa 10-min\u00fctigen Busfahrt.<\/p>\n<p>Der 3. und der 4. Jahrgang unserer Schule hat die M\u00f6glichkeit dort in einem je ca. 10-w\u00f6chigen Eislaufunterricht geschult zu werden.<\/p>\n<p>Die Sch\u00fcler werden von 3 Lehrkr\u00e4ften in drei verschiedenen Gruppen, je nach ihren F\u00e4higkeiten und Fertigkeiten, klassen\u00fcbergreifend unterrichtet.<\/p>\n<p>&nbsp;<\/p>\n<p><a href=\"http:\/\/gerhart-hauptmann-grundschule.de\/verwaltung\/wp-content\/uploads\/2012\/09\/K1600_IMG_0130.jpg\"><img loading=\"lazy\" decoding=\"async\" class=\"size-medium wp-image-1791 alignleft\" src=\"http:\/\/gerhart-hauptmann-grundschule.de\/verwaltung\/wp-content\/uploads\/2012\/09\/K1600_IMG_0130-300x225.jpg\" alt=\"\" width=\"300\" height=\"225\" srcset=\"https:\/\/www.gerhart-hauptmann-grundschule.de\/verwaltung\/wp-content\/uploads\/2012\/09\/K1600_IMG_0130-300x225.jpg 300w, https:\/\/www.gerhart-hauptmann-grundschule.de\/verwaltung\/wp-content\/uploads\/2012\/09\/K1600_IMG_0130-768x576.jpg 768w, https:\/\/www.gerhart-hauptmann-grundschule.de\/verwaltung\/wp-content\/uploads\/2012\/09\/K1600_IMG_0130-1024x768.jpg 1024w, https:\/\/www.gerhart-hauptmann-grundschule.de\/verwaltung\/wp-content\/uploads\/2012\/09\/K1600_IMG_0130.jpg 1600w\" sizes=\"auto, (max-width: 300px) 100vw, 300px\" \/><\/a> <a href=\"http:\/\/gerhart-hauptmann-grundschule.de\/verwaltung\/wp-content\/uploads\/2012\/09\/K1600_IMG_0133.jpg\"><img loading=\"lazy\" decoding=\"async\" class=\"size-thumbnail wp-image-1792 alignright\" src=\"http:\/\/gerhart-hauptmann-grundschule.de\/verwaltung\/wp-content\/uploads\/2012\/09\/K1600_IMG_0133-150x150.jpg\" alt=\"\" width=\"150\" height=\"150\" srcset=\"https:\/\/www.gerhart-hauptmann-grundschule.de\/verwaltung\/wp-content\/uploads\/2012\/09\/K1600_IMG_0133-150x150.jpg 150w, https:\/\/www.gerhart-hauptmann-grundschule.de\/verwaltung\/wp-content\/uploads\/2012\/09\/K1600_IMG_0133-96x96.jpg 96w, https:\/\/www.gerhart-hauptmann-grundschule.de\/verwaltung\/wp-content\/uploads\/2012\/09\/K1600_IMG_0133-24x24.jpg 24w, https:\/\/www.gerhart-hauptmann-grundschule.de\/verwaltung\/wp-content\/uploads\/2012\/09\/K1600_IMG_0133-36x36.jpg 36w, https:\/\/www.gerhart-hauptmann-grundschule.de\/verwaltung\/wp-content\/uploads\/2012\/09\/K1600_IMG_0133-48x48.jpg 48w, https:\/\/www.gerhart-hauptmann-grundschule.de\/verwaltung\/wp-content\/uploads\/2012\/09\/K1600_IMG_0133-64x64.jpg 64w, https:\/\/www.gerhart-hauptmann-grundschule.de\/verwaltung\/wp-content\/uploads\/2012\/09\/K1600_IMG_0133-100x100.jpg 100w\" sizes=\"auto, (max-width: 150px) 100vw, 150px\" \/><\/a> <a href=\"http:\/\/gerhart-hauptmann-grundschule.de\/verwaltung\/wp-content\/uploads\/2012\/09\/K1600_IMG_0134.jpg\"><img loading=\"lazy\" decoding=\"async\" class=\"size-thumbnail wp-image-1794 alignleft\" src=\"http:\/\/gerhart-hauptmann-grundschule.de\/verwaltung\/wp-content\/uploads\/2012\/09\/K1600_IMG_0134-150x150.jpg\" alt=\"\" width=\"150\" height=\"150\" srcset=\"https:\/\/www.gerhart-hauptmann-grundschule.de\/verwaltung\/wp-content\/uploads\/2012\/09\/K1600_IMG_0134-150x150.jpg 150w, https:\/\/www.gerhart-hauptmann-grundschule.de\/verwaltung\/wp-content\/uploads\/2012\/09\/K1600_IMG_0134-96x96.jpg 96w, https:\/\/www.gerhart-hauptmann-grundschule.de\/verwaltung\/wp-content\/uploads\/2012\/09\/K1600_IMG_0134-24x24.jpg 24w, https:\/\/www.gerhart-hauptmann-grundschule.de\/verwaltung\/wp-content\/uploads\/2012\/09\/K1600_IMG_0134-36x36.jpg 36w, https:\/\/www.gerhart-hauptmann-grundschule.de\/verwaltung\/wp-content\/uploads\/2012\/09\/K1600_IMG_0134-48x48.jpg 48w, https:\/\/www.gerhart-hauptmann-grundschule.de\/verwaltung\/wp-content\/uploads\/2012\/09\/K1600_IMG_0134-64x64.jpg 64w, https:\/\/www.gerhart-hauptmann-grundschule.de\/verwaltung\/wp-content\/uploads\/2012\/09\/K1600_IMG_0134-100x100.jpg 100w\" sizes=\"auto, (max-width: 150px) 100vw, 150px\" \/><\/a> <a href=\"http:\/\/gerhart-hauptmann-grundschule.de\/verwaltung\/wp-content\/uploads\/2012\/09\/K1600_IMG_0136.jpg\"><img loading=\"lazy\" decoding=\"async\" class=\"size-thumbnail wp-image-1795 alignright\" src=\"http:\/\/gerhart-hauptmann-grundschule.de\/verwaltung\/wp-content\/uploads\/2012\/09\/K1600_IMG_0136-150x150.jpg\" alt=\"\" width=\"150\" height=\"150\" srcset=\"https:\/\/www.gerhart-hauptmann-grundschule.de\/verwaltung\/wp-content\/uploads\/2012\/09\/K1600_IMG_0136-150x150.jpg 150w, https:\/\/www.gerhart-hauptmann-grundschule.de\/verwaltung\/wp-content\/uploads\/2012\/09\/K1600_IMG_0136-96x96.jpg 96w, https:\/\/www.gerhart-hauptmann-grundschule.de\/verwaltung\/wp-content\/uploads\/2012\/09\/K1600_IMG_0136-24x24.jpg 24w, https:\/\/www.gerhart-hauptmann-grundschule.de\/verwaltung\/wp-content\/uploads\/2012\/09\/K1600_IMG_0136-36x36.jpg 36w, https:\/\/www.gerhart-hauptmann-grundschule.de\/verwaltung\/wp-content\/uploads\/2012\/09\/K1600_IMG_0136-48x48.jpg 48w, https:\/\/www.gerhart-hauptmann-grundschule.de\/verwaltung\/wp-content\/uploads\/2012\/09\/K1600_IMG_0136-64x64.jpg 64w, https:\/\/www.gerhart-hauptmann-grundschule.de\/verwaltung\/wp-content\/uploads\/2012\/09\/K1600_IMG_0136-100x100.jpg 100w\" sizes=\"auto, (max-width: 150px) 100vw, 150px\" \/><\/a><\/p>\n","protected":false},"excerpt":{"rendered":"<p>Sch\u00fcler machen im Gleiten Erfahrungen mit dem dynamischen Gleichgewicht bei schnellen Fortbewegungen und entwickeln Bewegungsk\u00f6nnen. Sie erschlie\u00dfen sich au\u00dferschulische Bewegungsr\u00e4ume und setzen sich mit ihrer Umwelt auseinander. Dabei lernen sie auch, mit Wagnis und Risiko verantwortungsbewusst umzugehen ( Richtlinien und Lehrpl\u00e4ne NRW, Seite 131). In der Zeit nach den Herbstferien bis hin zu den Osterferien <a href='https:\/\/www.gerhart-hauptmann-grundschule.de\/verwaltung\/?page_id=494' class='excerpt-more'>[&#8230;]<\/a><\/p>\n","protected":false},"author":6,"featured_media":0,"parent":0,"menu_order":0,"comment_status":"closed","ping_status":"closed","template":"","meta":{"ngg_post_thumbnail":0,"footnotes":""},"class_list":["post-494","page","type-page","status-publish","hentry","post-seq-1","post-parity-odd","meta-position-corners","fix"],"_links":{"self":[{"href":"https:\/\/www.gerhart-hauptmann-grundschule.de\/verwaltung\/index.php?rest_route=\/wp\/v2\/pages\/494","targetHints":{"allow":["GET"]}}],"collection":[{"href":"https:\/\/www.gerhart-hauptmann-grundschule.de\/verwaltung\/index.php?rest_route=\/wp\/v2\/pages"}],"about":[{"href":"https:\/\/www.gerhart-hauptmann-grundschule.de\/verwaltung\/index.php?rest_route=\/wp\/v2\/types\/page"}],"author":[{"embeddable":true,"href":"https:\/\/www.gerhart-hauptmann-grundschule.de\/verwaltung\/index.php?rest_route=\/wp\/v2\/users\/6"}],"replies":[{"embeddable":true,"href":"https:\/\/www.gerhart-hauptmann-grundschule.de\/verwaltung\/index.php?rest_route=%2Fwp%2Fv2%2Fcomments&post=494"}],"version-history":[{"count":4,"href":"https:\/\/www.gerhart-hauptmann-grundschule.de\/verwaltung\/index.php?rest_route=\/wp\/v2\/pages\/494\/revisions"}],"predecessor-version":[{"id":2190,"href":"https:\/\/www.gerhart-hauptmann-grundschule.de\/verwaltung\/index.php?rest_route=\/wp\/v2\/pages\/494\/revisions\/2190"}],"wp:attachment":[{"href":"https:\/\/www.gerhart-hauptmann-grundschule.de\/verwaltung\/index.php?rest_route=%2Fwp%2Fv2%2Fmedia&parent=494"}],"curies":[{"name":"wp","href":"https:\/\/api.w.org\/{rel}","templated":true}]}}